{"id":419,"date":"2019-02-13T10:53:05","date_gmt":"2019-02-13T09:53:05","guid":{"rendered":"http:\/\/panphotos.org\/petersblog\/?page_id=419"},"modified":"2019-02-13T11:38:32","modified_gmt":"2019-02-13T10:38:32","slug":"newsletter","status":"publish","type":"page","link":"https:\/\/panphotos.org\/petersblog\/newsletter\/","title":{"rendered":"Newsletter"},"content":{"rendered":"<p>Du bist hier gelandet, weil Du den Newsletter zu meinem Aufarbeitensprozess bekommen willst.<\/p>\n<p><a href=\"https:\/\/kurvewustrow.civiservice.de\/istanbul10-de\" target=\"_blank\" rel=\"noopener\">Hier geht es direkt zur Newsletter-Anmeldung<\/a> &#8211; aber, aus technischen Gr\u00fcnden ist sie zur Zeit noch auf Englisch. Und auch aus technischen Gr\u00fcnden hat der Link dorthin den Titel &#8222;https:\/\/kurvewustrow.civiservice.de\/istanbul10-de&#8220;, auch wenn es dort zu meinem Newsletter geht. Ich hoffe, dass wir dies in der n\u00e4chsten Zeit noch \u00e4ndern k\u00f6nnen.<\/p>\n<p>Zu den englischen Feldern im Anmeldeformular:<\/p>\n<p style=\"padding-left: 30px;\">Prefix = Anrede<br \/>\nMs = Frau<br \/>\nMr = Herr<br \/>\nn.A. = Keine Anrede<br \/>\nName = Vorname<br \/>\nSurname = Nachname<br \/>\nStreet = Stra\u00dfe<br \/>\nPostal Code = Postleitzahl PLZ<br \/>\nCity = Ort<br \/>\nCountry = Land<br \/>\nE-Mail = Emailadresse<br \/>\nI would like to support you! Please mention in which way = ich w\u00fcrde Dich gerne unterst\u00fctzen! Bitte schreib, in welcher Weise.<\/p>\n<p>Ich bin der KURVE Wustrow an dieser Stelle doll dankbar, dass ich Ihr Newsletter-Versandsystem hierf\u00fcr nutzen darf (neben all der Unterst\u00fctzung, die ich von ihnen sonst auch bekomme).<\/p>\n<p>Dir und Euch ein gutes Lesen der Newsletter, Euer peter<\/p>\n<p><a href=\"https:\/\/kurvewustrow.civiservice.de\/istanbul10-de\" target=\"_blank\" rel=\"noopener\">Zur Newsletter-Anmeldung<\/a><\/p>\n","protected":false},"excerpt":{"rendered":"<p>Du bist hier gelandet, weil Du den Newsletter zu meinem Aufarbeitensprozess bekommen willst. Hier geht es direkt zur Newsletter-Anmeldung &#8211; aber, aus technischen Gr\u00fcnden ist sie zur Zeit noch auf Englisch. Und auch aus technischen Gr\u00fcnden hat der Link dorthin den Titel &#8222;https:\/\/kurvewustrow.civiservice.de\/istanbul10-de&#8220;, auch wenn es dort zu meinem Newsletter geht. Ich hoffe, dass wir &hellip; <a href=\"https:\/\/panphotos.org\/petersblog\/newsletter\/\" class=\"more-link\"><span class=\"screen-reader-text\">Newsletter<\/span> weiterlesen<\/a><\/p>\n","protected":false},"author":1,"featured_media":423,"parent":0,"menu_order":0,"comment_status":"closed","ping_status":"closed","template":"","meta":[],"_links":{"self":[{"href":"https:\/\/panphotos.org\/petersblog\/wp-json\/wp\/v2\/pages\/419"}],"collection":[{"href":"https:\/\/panphotos.org\/petersblog\/wp-json\/wp\/v2\/pages"}],"about":[{"href":"https:\/\/panphotos.org\/petersblog\/wp-json\/wp\/v2\/types\/page"}],"author":[{"embeddable":true,"href":"https:\/\/panphotos.org\/petersblog\/wp-json\/wp\/v2\/users\/1"}],"replies":[{"embeddable":true,"href":"https:\/\/panphotos.org\/petersblog\/wp-json\/wp\/v2\/comments?post=419"}],"version-history":[{"count":2,"href":"https:\/\/panphotos.org\/petersblog\/wp-json\/wp\/v2\/pages\/419\/revisions"}],"predecessor-version":[{"id":421,"href":"https:\/\/panphotos.org\/petersblog\/wp-json\/wp\/v2\/pages\/419\/revisions\/421"}],"wp:featuredmedia":[{"embeddable":true,"href":"https:\/\/panphotos.org\/petersblog\/wp-json\/wp\/v2\/media\/423"}],"wp:attachment":[{"href":"https:\/\/panphotos.org\/petersblog\/wp-json\/wp\/v2\/media?parent=419"}],"curies":[{"name":"wp","href":"https:\/\/api.w.org\/{rel}","templated":true}]}}